{"id":757,"date":"2022-01-09T20:28:08","date_gmt":"2022-01-09T19:28:08","guid":{"rendered":"https:\/\/havensverden.dk\/?page_id=757"},"modified":"2022-02-06T19:51:02","modified_gmt":"2022-02-06T18:51:02","slug":"januar","status":"publish","type":"page","link":"https:\/\/havensverden.dk\/?page_id=757","title":{"rendered":"Januar"},"content":{"rendered":"\t\t<div data-elementor-type=\"wp-page\" data-elementor-id=\"757\" class=\"elementor elementor-757\" data-elementor-settings=\"[]\">\n\t\t\t\t\t\t\t<div class=\"elementor-section-wrap\">\n\t\t\t\t\t\t\t<section class=\"elementor-section elementor-top-section elementor-element elementor-element-6ed073f elementor-section-boxed elementor-section-height-default elementor-section-height-default\" data-id=\"6ed073f\" data-element_type=\"section\">\n\t\t\t\t\t\t<div class=\"elementor-container elementor-column-gap-default\">\n\t\t\t\t\t<div class=\"elementor-column elementor-col-100 elementor-top-column elementor-element elementor-element-e02f262\" data-id=\"e02f262\" data-element_type=\"column\">\n\t\t\t<div class=\"elementor-widget-wrap elementor-element-populated\">\n\t\t\t\t\t\t\t\t<div class=\"elementor-element elementor-element-64e747d elementor-widget__width-initial elementor-widget elementor-widget-heading\" data-id=\"64e747d\" data-element_type=\"widget\" data-widget_type=\"heading.default\">\n\t\t\t\t<div class=\"elementor-widget-container\">\n\t\t\t<style>\/*! elementor - v3.5.3 - 28-12-2021 *\/\n.elementor-heading-title{padding:0;margin:0;line-height:1}.elementor-widget-heading .elementor-heading-title[class*=elementor-size-]>a{color:inherit;font-size:inherit;line-height:inherit}.elementor-widget-heading .elementor-heading-title.elementor-size-small{font-size:15px}.elementor-widget-heading .elementor-heading-title.elementor-size-medium{font-size:19px}.elementor-widget-heading .elementor-heading-title.elementor-size-large{font-size:29px}.elementor-widget-heading .elementor-heading-title.elementor-size-xl{font-size:39px}.elementor-widget-heading .elementor-heading-title.elementor-size-xxl{font-size:59px}<\/style><h2 class=\"elementor-heading-title elementor-size-default\">Januar<\/h2>\t\t<\/div>\n\t\t\t\t<\/div>\n\t\t\t\t\t<\/div>\n\t\t<\/div>\n\t\t\t\t\t\t\t<\/div>\n\t\t<\/section>\n\t\t\t\t<section class=\"elementor-section elementor-top-section elementor-element elementor-element-9b28e6e elementor-section-boxed elementor-section-height-default elementor-section-height-default\" data-id=\"9b28e6e\" data-element_type=\"section\">\n\t\t\t\t\t\t<div class=\"elementor-container elementor-column-gap-default\">\n\t\t\t\t\t<div class=\"elementor-column elementor-col-50 elementor-top-column elementor-element elementor-element-b9afd0d\" data-id=\"b9afd0d\" data-element_type=\"column\">\n\t\t\t<div class=\"elementor-widget-wrap elementor-element-populated\">\n\t\t\t\t\t\t\t\t<div class=\"elementor-element elementor-element-b64e799 elementor-widget elementor-widget-text-editor\" data-id=\"b64e799\" data-element_type=\"widget\" data-widget_type=\"text-editor.default\">\n\t\t\t\t<div class=\"elementor-widget-container\">\n\t\t\t<style>\/*! elementor - v3.5.3 - 28-12-2021 *\/\n.elementor-widget-text-editor.elementor-drop-cap-view-stacked .elementor-drop-cap{background-color:#818a91;color:#fff}.elementor-widget-text-editor.elementor-drop-cap-view-framed .elementor-drop-cap{color:#818a91;border:3px solid;background-color:transparent}.elementor-widget-text-editor:not(.elementor-drop-cap-view-default) .elementor-drop-cap{margin-top:8px}.elementor-widget-text-editor:not(.elementor-drop-cap-view-default) .elementor-drop-cap-letter{width:1em;height:1em}.elementor-widget-text-editor .elementor-drop-cap{float:left;text-align:center;line-height:1;font-size:50px}.elementor-widget-text-editor .elementor-drop-cap-letter{display:inline-block}<\/style>\t\t\t\t<p>Nyt\u00e5r! Nyt have\u00e5r. Nye id\u00e9er og dr\u00f8mme.<\/p><p>Antallet af lyse timer i januar er begr\u00e6nset, men s\u00e5 kan man bruge de lange aftener p\u00e5 at studere b\u00f8ger og internettet, hvor man kan hente masser af inspiration til det kommende \u00e5r i haven. Jeg bruger ogs\u00e5 en del tid p\u00e5 at studere fr\u00f8udvalg &#8211; b\u00e5de p\u00e5 nettet og i havecentre, hvilket der er god tid til i januar.<\/p><p>Haveplanen for den kommende s\u00e6son begynder at tage form. I denne forbindelse, s\u00f8ger jeg altid for at planl\u00e6gge s\u00e6dskifte, s\u00e5 jeg undg\u00e5r opformering af bakterier, skadedyr og svampesygdomme, som holder til ved bestemte plantegrupper. Det sikrer sundere planter uden at skulle spr\u00f8jte og g\u00f8de s\u00e5 meget.\u00a0<span style=\"font-size: 14px; color: var( --e-global-color-text );\">\u00a0<\/span><\/p><p><span style=\"font-size: 14px; color: var( --e-global-color-text );\">Herudover laver jeg en kalender for de forskellige afgr\u00f8der. Nogle gr\u00f8ntsager er hurtige fra fr\u00f8 til h\u00f8st, mens andre er langsommere. Hurtige afgr\u00f8der er f.eks. salat, radiser, for\u00e5rsl\u00f8g, spinat, ruccula og \u00e6rter. Flere af disse kan gendyrkes flere gange p\u00e5 en enkelt s\u00e6son. Langsommere afgr\u00f8der er f.eks. rodfrugter, k\u00e5l, majs, squash og gr\u00e6skar.<\/span><\/p><p>Januar er ogs\u00e5 tid for at s\u00e5 l\u00f8g og porrer. De skal st\u00e5 et lunt sted indenfor. L\u00f8g, der plantes ud p\u00e5 denne m\u00e5de, bliver hurtigt modne og t\u00f8rrer godt til vinteropbevaring. Porrerne bliver p\u00e6nt tykke til tidlig efter\u00e5rsbrug.<\/p><p>Har man lyst til at fremdrive tidligere rabarber, kan man anbringe nogle omvendte t\u00f8nder eller lignende over planterne og begrave dem i m\u00f8g blandet med halm. Varmen vil tvinge rabarberne frem til tidlig for\u00e5rsbrug.<\/p><p>\u00a0<\/p>\t\t\t\t\t\t<\/div>\n\t\t\t\t<\/div>\n\t\t\t\t\t<\/div>\n\t\t<\/div>\n\t\t\t\t<div class=\"elementor-column elementor-col-50 elementor-top-column elementor-element elementor-element-905cfb6\" data-id=\"905cfb6\" data-element_type=\"column\">\n\t\t\t<div class=\"elementor-widget-wrap elementor-element-populated\">\n\t\t\t\t\t\t\t\t<div class=\"elementor-element elementor-element-1bec2f4 elementor-widget elementor-widget-image\" data-id=\"1bec2f4\" data-element_type=\"widget\" data-widget_type=\"image.default\">\n\t\t\t\t<div class=\"elementor-widget-container\">\n\t\t\t<style>\/*! elementor - v3.5.3 - 28-12-2021 *\/\n.elementor-widget-image{text-align:center}.elementor-widget-image a{display:inline-block}.elementor-widget-image a img[src$=\".svg\"]{width:48px}.elementor-widget-image img{vertical-align:middle;display:inline-block}<\/style>\t\t\t\t\t\t\t\t\t\t\t\t<img loading=\"lazy\" decoding=\"async\" width=\"409\" height=\"307\" src=\"https:\/\/havensverden.dk\/wp-content\/uploads\/2022\/02\/Haveplan-1.jpg\" class=\"attachment-large size-large\" alt=\"\" srcset=\"https:\/\/havensverden.dk\/wp-content\/uploads\/2022\/02\/Haveplan-1.jpg 409w, https:\/\/havensverden.dk\/wp-content\/uploads\/2022\/02\/Haveplan-1-300x225.jpg 300w\" sizes=\"auto, (max-width: 409px) 100vw, 409px\" \/>\t\t\t\t\t\t\t\t\t\t\t\t\t\t\t<\/div>\n\t\t\t\t<\/div>\n\t\t\t\t\t<\/div>\n\t\t<\/div>\n\t\t\t\t\t\t\t<\/div>\n\t\t<\/section>\n\t\t\t\t<section class=\"elementor-section elementor-top-section elementor-element elementor-element-e181863 elementor-section-boxed elementor-section-height-default elementor-section-height-default\" data-id=\"e181863\" data-element_type=\"section\">\n\t\t\t\t\t\t<div class=\"elementor-container elementor-column-gap-default\">\n\t\t\t\t\t<div class=\"elementor-column elementor-col-50 elementor-top-column elementor-element elementor-element-8caa051\" data-id=\"8caa051\" data-element_type=\"column\">\n\t\t\t<div class=\"elementor-widget-wrap elementor-element-populated\">\n\t\t\t\t\t\t\t\t<div class=\"elementor-element elementor-element-7fdacd6 elementor-widget elementor-widget-text-editor\" data-id=\"7fdacd6\" data-element_type=\"widget\" data-widget_type=\"text-editor.default\">\n\t\t\t\t<div class=\"elementor-widget-container\">\n\t\t\t\t\t\t\t<p><span style=\"font-family: Roboto, sans-serif; font-size: 14px; font-style: normal; font-variant-ligatures: normal; font-variant-caps: normal; font-weight: 400;\">De f\u00f8rste chiliplanter forspires nu. Der findes efterh\u00e5nden et sp\u00e6ndende udvalg af forskellige sorter &#8211; fra milde chilipebre til virkelig st\u00e6rke.&nbsp;<\/span><\/p><p><span style=\"font-family: Roboto, sans-serif; font-size: 14px; font-style: normal; font-variant-ligatures: normal; font-variant-caps: normal; font-weight: 400;\">Vil man bare fors\u00f8ge sig med at s\u00e5 chili p\u00e5 en billig m\u00e5de, og har man ikke s\u00e5 mange krav til at det skal v\u00e6re bestemte sorter, s\u00e5 kan man sagtens k\u00f8be en pakke \u00f8kologiske chilipebre i supermarkedet, som man piller fr\u00f8ene ud af. N\u00e5r fr\u00f8ene er t\u00f8rrede, kan man s\u00e5 dem i urtepotter indenfor.&nbsp;<\/span><\/p><p><br><\/p>\t\t\t\t\t\t<\/div>\n\t\t\t\t<\/div>\n\t\t\t\t\t<\/div>\n\t\t<\/div>\n\t\t\t\t<div class=\"elementor-column elementor-col-50 elementor-top-column elementor-element elementor-element-6098021\" data-id=\"6098021\" data-element_type=\"column\">\n\t\t\t<div class=\"elementor-widget-wrap elementor-element-populated\">\n\t\t\t\t\t\t\t\t<div class=\"elementor-element elementor-element-916858c elementor-widget elementor-widget-image\" data-id=\"916858c\" data-element_type=\"widget\" data-widget_type=\"image.default\">\n\t\t\t\t<div class=\"elementor-widget-container\">\n\t\t\t\t\t\t\t\t\t\t\t\t\t\t\t<img loading=\"lazy\" decoding=\"async\" width=\"409\" height=\"307\" src=\"https:\/\/havensverden.dk\/wp-content\/uploads\/2022\/02\/Chili-3.jpg\" class=\"attachment-large size-large\" alt=\"\" srcset=\"https:\/\/havensverden.dk\/wp-content\/uploads\/2022\/02\/Chili-3.jpg 409w, https:\/\/havensverden.dk\/wp-content\/uploads\/2022\/02\/Chili-3-300x225.jpg 300w\" sizes=\"auto, (max-width: 409px) 100vw, 409px\" \/>\t\t\t\t\t\t\t\t\t\t\t\t\t\t\t<\/div>\n\t\t\t\t<\/div>\n\t\t\t\t\t<\/div>\n\t\t<\/div>\n\t\t\t\t\t\t\t<\/div>\n\t\t<\/section>\n\t\t\t\t\t\t<\/div>\n\t\t\t\t\t<\/div>\n\t\t","protected":false},"excerpt":{"rendered":"<p>Januar Nyt\u00e5r! Nyt have\u00e5r. Nye id\u00e9er og dr\u00f8mme. Antallet af lyse timer i januar er begr\u00e6nset, men s\u00e5 kan man bruge de lange aftener p\u00e5 at studere b\u00f8ger og internettet, hvor man kan hente masser af inspiration til det kommende \u00e5r i haven. Jeg bruger ogs\u00e5 en del tid p\u00e5 at studere fr\u00f8udvalg &#8211; b\u00e5de [&hellip;]<\/p>\n","protected":false},"author":1,"featured_media":0,"parent":0,"menu_order":0,"comment_status":"closed","ping_status":"closed","template":"","meta":{"om_disable_all_campaigns":false,"_monsterinsights_skip_tracking":false,"_monsterinsights_sitenote_active":false,"_monsterinsights_sitenote_note":"","_monsterinsights_sitenote_category":0,"footnotes":""},"class_list":["post-757","page","type-page","status-publish","hentry","entry"],"_links":{"self":[{"href":"https:\/\/havensverden.dk\/index.php?rest_route=\/wp\/v2\/pages\/757","targetHints":{"allow":["GET"]}}],"collection":[{"href":"https:\/\/havensverden.dk\/index.php?rest_route=\/wp\/v2\/pages"}],"about":[{"href":"https:\/\/havensverden.dk\/index.php?rest_route=\/wp\/v2\/types\/page"}],"author":[{"embeddable":true,"href":"https:\/\/havensverden.dk\/index.php?rest_route=\/wp\/v2\/users\/1"}],"replies":[{"embeddable":true,"href":"https:\/\/havensverden.dk\/index.php?rest_route=%2Fwp%2Fv2%2Fcomments&post=757"}],"version-history":[{"count":38,"href":"https:\/\/havensverden.dk\/index.php?rest_route=\/wp\/v2\/pages\/757\/revisions"}],"predecessor-version":[{"id":1312,"href":"https:\/\/havensverden.dk\/index.php?rest_route=\/wp\/v2\/pages\/757\/revisions\/1312"}],"wp:attachment":[{"href":"https:\/\/havensverden.dk\/index.php?rest_route=%2Fwp%2Fv2%2Fmedia&parent=757"}],"curies":[{"name":"wp","href":"https:\/\/api.w.org\/{rel}","templated":true}]}}