{"id":2492,"date":"2022-12-30T11:56:29","date_gmt":"2022-12-30T10:56:29","guid":{"rendered":"https:\/\/havensverden.dk\/?page_id=2492"},"modified":"2022-12-30T16:51:16","modified_gmt":"2022-12-30T15:51:16","slug":"purloeg-2","status":"publish","type":"page","link":"https:\/\/havensverden.dk\/?page_id=2492","title":{"rendered":"Persille"},"content":{"rendered":"\t\t<div data-elementor-type=\"wp-page\" data-elementor-id=\"2492\" class=\"elementor elementor-2492\" data-elementor-settings=\"[]\">\n\t\t\t\t\t\t\t<div class=\"elementor-section-wrap\">\n\t\t\t\t\t\t\t<section class=\"elementor-section elementor-top-section elementor-element elementor-element-5d92b4f elementor-section-boxed elementor-section-height-default elementor-section-height-default\" data-id=\"5d92b4f\" data-element_type=\"section\">\n\t\t\t\t\t\t<div class=\"elementor-container elementor-column-gap-default\">\n\t\t\t\t\t<div class=\"elementor-column elementor-col-100 elementor-top-column elementor-element elementor-element-5841a78\" data-id=\"5841a78\" data-element_type=\"column\">\n\t\t\t<div class=\"elementor-widget-wrap elementor-element-populated\">\n\t\t\t\t\t\t\t\t<div class=\"elementor-element elementor-element-61a6a99 elementor-widget elementor-widget-menu-anchor\" data-id=\"61a6a99\" data-element_type=\"widget\" data-widget_type=\"menu-anchor.default\">\n\t\t\t\t<div class=\"elementor-widget-container\">\n\t\t\t<style>\/*! elementor - v3.5.3 - 28-12-2021 *\/\nbody.elementor-page .elementor-widget-menu-anchor{margin-bottom:0}<\/style>\t\t<div id=\"Persille_top\" class=\"elementor-menu-anchor\"><\/div>\n\t\t\t\t<\/div>\n\t\t\t\t<\/div>\n\t\t\t\t<div class=\"elementor-element elementor-element-9558dfe elementor-widget__width-initial elementor-widget elementor-widget-heading\" data-id=\"9558dfe\" data-element_type=\"widget\" data-widget_type=\"heading.default\">\n\t\t\t\t<div class=\"elementor-widget-container\">\n\t\t\t<style>\/*! elementor - v3.5.3 - 28-12-2021 *\/\n.elementor-heading-title{padding:0;margin:0;line-height:1}.elementor-widget-heading .elementor-heading-title[class*=elementor-size-]>a{color:inherit;font-size:inherit;line-height:inherit}.elementor-widget-heading .elementor-heading-title.elementor-size-small{font-size:15px}.elementor-widget-heading .elementor-heading-title.elementor-size-medium{font-size:19px}.elementor-widget-heading .elementor-heading-title.elementor-size-large{font-size:29px}.elementor-widget-heading .elementor-heading-title.elementor-size-xl{font-size:39px}.elementor-widget-heading .elementor-heading-title.elementor-size-xxl{font-size:59px}<\/style><h2 class=\"elementor-heading-title elementor-size-default\">Persille<\/h2>\t\t<\/div>\n\t\t\t\t<\/div>\n\t\t\t\t\t<\/div>\n\t\t<\/div>\n\t\t\t\t\t\t\t<\/div>\n\t\t<\/section>\n\t\t\t\t<section class=\"elementor-section elementor-top-section elementor-element elementor-element-2927421 elementor-section-boxed elementor-section-height-default elementor-section-height-default\" data-id=\"2927421\" data-element_type=\"section\">\n\t\t\t\t\t\t<div class=\"elementor-container elementor-column-gap-default\">\n\t\t\t\t\t<div class=\"elementor-column elementor-col-50 elementor-top-column elementor-element elementor-element-1b912d4\" data-id=\"1b912d4\" data-element_type=\"column\">\n\t\t\t<div class=\"elementor-widget-wrap elementor-element-populated\">\n\t\t\t\t\t\t\t\t<div class=\"elementor-element elementor-element-250f621 elementor-widget elementor-widget-text-editor\" data-id=\"250f621\" data-element_type=\"widget\" data-widget_type=\"text-editor.default\">\n\t\t\t\t<div class=\"elementor-widget-container\">\n\t\t\t<style>\/*! elementor - v3.5.3 - 28-12-2021 *\/\n.elementor-widget-text-editor.elementor-drop-cap-view-stacked .elementor-drop-cap{background-color:#818a91;color:#fff}.elementor-widget-text-editor.elementor-drop-cap-view-framed .elementor-drop-cap{color:#818a91;border:3px solid;background-color:transparent}.elementor-widget-text-editor:not(.elementor-drop-cap-view-default) .elementor-drop-cap{margin-top:8px}.elementor-widget-text-editor:not(.elementor-drop-cap-view-default) .elementor-drop-cap-letter{width:1em;height:1em}.elementor-widget-text-editor .elementor-drop-cap{float:left;text-align:center;line-height:1;font-size:50px}.elementor-widget-text-editor .elementor-drop-cap-letter{display:inline-block}<\/style>\t\t\t\t<div class=\"wWOJcd\" tabindex=\"0\" role=\"button\" aria-controls=\"exacc_mcquY6qVN-eMrwSJrY-ICA_2\" aria-expanded=\"true\" aria-labelledby=\"exacc_mcquY6qVN-eMrwSJrY-ICA_1\">\u00a0<\/div><div id=\"exacc_mcquY6qVN-eMrwSJrY-ICA_2\" class=\"MBtdbb\" data-ved=\"2ahUKEwjqxcvXnaH8AhVnxosKHYnWA4EQ7NUEegQIHxAD\"><div class=\"ymu2Hb\"><div id=\"_mcquY6qVN-eMrwSJrY-ICA_39\" class=\"t0bRye r2fjmd\" data-hveid=\"CB8QBA\" data-ved=\"2ahUKEwjqxcvXnaH8AhVnxosKHYnWA4EQu04oAHoECB8QBA\"><div id=\"mcquY6qVN-eMrwSJrY-ICA__25\"><div class=\"wDYxhc\" data-md=\"61\"><div class=\"LGOjhe\" role=\"heading\" data-attrid=\"wa:\/description\" aria-level=\"3\" data-hveid=\"CCUQAA\"><span class=\"ILfuVd\" lang=\"da\"><span class=\"hgKElc\">Persille er fuld af n\u00e6ringsstoffer. Urten er rig p\u00e5 mineraler og vitaminer. Den indeholder calcium, fosfor, jern, jod, kalium, kobber, krom, magnesium, mangan, nikkel, selen og zink. Den har oveni k\u00f8bet et h\u00f8jt indhold af folsyre samt vitaminerne A, B, C, E og K.<\/span><\/span><\/div><\/div><\/div><\/div><\/div><\/div>\t\t\t\t\t\t<\/div>\n\t\t\t\t<\/div>\n\t\t\t\t\t<\/div>\n\t\t<\/div>\n\t\t\t\t<div class=\"elementor-column elementor-col-50 elementor-top-column elementor-element elementor-element-48fb5ef\" data-id=\"48fb5ef\" data-element_type=\"column\">\n\t\t\t<div class=\"elementor-widget-wrap elementor-element-populated\">\n\t\t\t\t\t\t\t\t<div class=\"elementor-element elementor-element-35589cf elementor-widget elementor-widget-image\" data-id=\"35589cf\" data-element_type=\"widget\" data-widget_type=\"image.default\">\n\t\t\t\t<div class=\"elementor-widget-container\">\n\t\t\t<style>\/*! elementor - v3.5.3 - 28-12-2021 *\/\n.elementor-widget-image{text-align:center}.elementor-widget-image a{display:inline-block}.elementor-widget-image a img[src$=\".svg\"]{width:48px}.elementor-widget-image img{vertical-align:middle;display:inline-block}<\/style>\t\t\t\t\t\t\t\t\t\t\t\t<img loading=\"lazy\" decoding=\"async\" width=\"403\" height=\"302\" src=\"https:\/\/havensverden.dk\/wp-content\/uploads\/2022\/12\/Persille-1.jpg\" class=\"attachment-large size-large\" alt=\"\" srcset=\"https:\/\/havensverden.dk\/wp-content\/uploads\/2022\/12\/Persille-1.jpg 403w, https:\/\/havensverden.dk\/wp-content\/uploads\/2022\/12\/Persille-1-300x225.jpg 300w\" sizes=\"auto, (max-width: 403px) 100vw, 403px\" \/>\t\t\t\t\t\t\t\t\t\t\t\t\t\t\t<\/div>\n\t\t\t\t<\/div>\n\t\t\t\t\t<\/div>\n\t\t<\/div>\n\t\t\t\t\t\t\t<\/div>\n\t\t<\/section>\n\t\t\t\t<section class=\"elementor-section elementor-top-section elementor-element elementor-element-fa520fa elementor-section-boxed elementor-section-height-default elementor-section-height-default\" data-id=\"fa520fa\" data-element_type=\"section\">\n\t\t\t\t\t\t<div class=\"elementor-container elementor-column-gap-default\">\n\t\t\t\t\t<div class=\"elementor-column elementor-col-100 elementor-top-column elementor-element elementor-element-79555b6\" data-id=\"79555b6\" data-element_type=\"column\">\n\t\t\t<div class=\"elementor-widget-wrap elementor-element-populated\">\n\t\t\t\t\t\t\t\t<div class=\"elementor-element elementor-element-496aca4 elementor-widget elementor-widget-wpforms\" data-id=\"496aca4\" data-element_type=\"widget\" data-widget_type=\"wpforms.default\">\n\t\t\t\t<div class=\"elementor-widget-container\">\n\t\t\t<!-- WPForms: no fields, form hidden -->\t\t<\/div>\n\t\t\t\t<\/div>\n\t\t\t\t<div class=\"elementor-element elementor-element-3e913b8 elementor-widget elementor-widget-button\" data-id=\"3e913b8\" data-element_type=\"widget\" data-widget_type=\"button.default\">\n\t\t\t\t<div class=\"elementor-widget-container\">\n\t\t\t\t\t<div class=\"elementor-button-wrapper\">\n\t\t\t<a href=\"https:\/\/havensverden.dk\/?page_id=19\" class=\"elementor-button-link elementor-button elementor-size-sm\" role=\"button\">\n\t\t\t\t\t\t<span class=\"elementor-button-content-wrapper\">\n\t\t\t\t\t\t<span class=\"elementor-button-text\">Retur til afgr\u00f8de indeks<\/span>\n\t\t<\/span>\n\t\t\t\t\t<\/a>\n\t\t<\/div>\n\t\t\t\t<\/div>\n\t\t\t\t<\/div>\n\t\t\t\t\t<\/div>\n\t\t<\/div>\n\t\t\t\t\t\t\t<\/div>\n\t\t<\/section>\n\t\t\t\t<section class=\"elementor-section elementor-top-section elementor-element elementor-element-027cf71 elementor-section-boxed elementor-section-height-default elementor-section-height-default\" data-id=\"027cf71\" data-element_type=\"section\">\n\t\t\t\t\t\t<div class=\"elementor-container elementor-column-gap-default\">\n\t\t\t\t\t<div class=\"elementor-column elementor-col-100 elementor-top-column elementor-element elementor-element-7412329\" data-id=\"7412329\" data-element_type=\"column\">\n\t\t\t<div class=\"elementor-widget-wrap elementor-element-populated\">\n\t\t\t\t\t\t\t\t<div class=\"elementor-element elementor-element-09e25a0 elementor-widget elementor-widget-menu-anchor\" data-id=\"09e25a0\" data-element_type=\"widget\" data-widget_type=\"menu-anchor.default\">\n\t\t\t\t<div class=\"elementor-widget-container\">\n\t\t\t\t\t<div id=\"Persille_opskrifter\" class=\"elementor-menu-anchor\"><\/div>\n\t\t\t\t<\/div>\n\t\t\t\t<\/div>\n\t\t\t\t<div class=\"elementor-element elementor-element-d402179 elementor-widget elementor-widget-heading\" data-id=\"d402179\" data-element_type=\"widget\" data-widget_type=\"heading.default\">\n\t\t\t\t<div class=\"elementor-widget-container\">\n\t\t\t<h2 class=\"elementor-heading-title elementor-size-default\"><span style=\"color: rgb(32, 118, 60); font-family: Arial, sans-serif; font-size: 25px; font-style: normal; font-variant-ligatures: normal; font-variant-caps: normal; font-weight: 600;\">Opskrifter<\/span><\/h2>\t\t<\/div>\n\t\t\t\t<\/div>\n\t\t\t\t\t<\/div>\n\t\t<\/div>\n\t\t\t\t\t\t\t<\/div>\n\t\t<\/section>\n\t\t\t\t<section class=\"elementor-section elementor-top-section elementor-element elementor-element-df8fc75 elementor-section-boxed elementor-section-height-default elementor-section-height-default\" data-id=\"df8fc75\" data-element_type=\"section\">\n\t\t\t\t\t\t<div class=\"elementor-container elementor-column-gap-default\">\n\t\t\t\t\t<div class=\"elementor-column elementor-col-25 elementor-top-column elementor-element elementor-element-2489ee5\" data-id=\"2489ee5\" data-element_type=\"column\">\n\t\t\t<div class=\"elementor-widget-wrap elementor-element-populated\">\n\t\t\t\t\t\t\t\t<div class=\"elementor-element elementor-element-135584b elementor-widget elementor-widget-image\" data-id=\"135584b\" data-element_type=\"widget\" data-widget_type=\"image.default\">\n\t\t\t\t<div class=\"elementor-widget-container\">\n\t\t\t\t\t\t\t\t\t\t\t\t<figure class=\"wp-caption\">\n\t\t\t\t\t\t\t\t\t\t\t<a href=\"https:\/\/havensverden.dk\/?page_id=2520\">\n\t\t\t\t\t\t\t<img decoding=\"async\" src=\"https:\/\/havensverden.dk\/wp-content\/uploads\/elementor\/thumbs\/Hummerhaler-2-pzx8qh8aymt7hyvzucuqhfydjdeb1q6ad1xew2no78.jpg\" title=\"Hummerhaler 2\" alt=\"Hummerhaler 2\" \/>\t\t\t\t\t\t\t\t<\/a>\n\t\t\t\t\t\t\t\t\t\t\t<figcaption class=\"widget-image-caption wp-caption-text\">Jomfruhummerhaler med frisk persille<\/figcaption>\n\t\t\t\t\t\t\t\t\t\t<\/figure>\n\t\t\t\t\t\t\t\t\t<\/div>\n\t\t\t\t<\/div>\n\t\t\t\t<div class=\"elementor-element elementor-element-40d563b elementor-absolute elementor-widget-mobile__width-initial elementor-widget elementor-widget-button\" data-id=\"40d563b\" data-element_type=\"widget\" data-settings=\"{&quot;_position&quot;:&quot;absolute&quot;}\" data-widget_type=\"button.default\">\n\t\t\t\t<div class=\"elementor-widget-container\">\n\t\t\t\t\t<div class=\"elementor-button-wrapper\">\n\t\t\t<a href=\"#Persille_top\" class=\"elementor-button-link elementor-button elementor-size-sm\" role=\"button\">\n\t\t\t\t\t\t<span class=\"elementor-button-content-wrapper\">\n\t\t\t\t\t\t<span class=\"elementor-button-text\">Retur til top<\/span>\n\t\t<\/span>\n\t\t\t\t\t<\/a>\n\t\t<\/div>\n\t\t\t\t<\/div>\n\t\t\t\t<\/div>\n\t\t\t\t\t<\/div>\n\t\t<\/div>\n\t\t\t\t<div class=\"elementor-column elementor-col-25 elementor-top-column elementor-element elementor-element-fff6620\" data-id=\"fff6620\" data-element_type=\"column\">\n\t\t\t<div class=\"elementor-widget-wrap elementor-element-populated\">\n\t\t\t\t\t\t\t\t<div class=\"elementor-element elementor-element-8a1fbd1 elementor-widget elementor-widget-image\" data-id=\"8a1fbd1\" data-element_type=\"widget\" data-widget_type=\"image.default\">\n\t\t\t\t<div class=\"elementor-widget-container\">\n\t\t\t\t\t\t\t\t\t\t\t\t<figure class=\"wp-caption\">\n\t\t\t\t\t\t\t\t\t\t\t<a href=\"https:\/\/havensverden.dk\/?page_id=2555\">\n\t\t\t\t\t\t\t<img decoding=\"async\" src=\"https:\/\/havensverden.dk\/wp-content\/uploads\/elementor\/thumbs\/Hummer-2-pzxcyzjltxl18bd0as2ljghrazp8xsmgbwgj1aj4n8.jpg\" title=\"OLYMPUS DIGITAL CAMERA\" alt=\"OLYMPUS DIGITAL CAMERA\" \/>\t\t\t\t\t\t\t\t<\/a>\n\t\t\t\t\t\t\t\t\t\t\t<figcaption class=\"widget-image-caption wp-caption-text\">Gratineret hummer med hvidl\u00f8gssm\u00f8r<\/figcaption>\n\t\t\t\t\t\t\t\t\t\t<\/figure>\n\t\t\t\t\t\t\t\t\t<\/div>\n\t\t\t\t<\/div>\n\t\t\t\t\t<\/div>\n\t\t<\/div>\n\t\t\t\t<div class=\"elementor-column elementor-col-25 elementor-top-column elementor-element elementor-element-1c61158\" data-id=\"1c61158\" data-element_type=\"column\">\n\t\t\t<div class=\"elementor-widget-wrap\">\n\t\t\t\t\t\t\t\t\t<\/div>\n\t\t<\/div>\n\t\t\t\t<div class=\"elementor-column elementor-col-25 elementor-top-column elementor-element elementor-element-9d78f4f\" data-id=\"9d78f4f\" data-element_type=\"column\">\n\t\t\t<div class=\"elementor-widget-wrap\">\n\t\t\t\t\t\t\t\t\t<\/div>\n\t\t<\/div>\n\t\t\t\t\t\t\t<\/div>\n\t\t<\/section>\n\t\t\t\t\t\t<\/div>\n\t\t\t\t\t<\/div>\n\t\t","protected":false},"excerpt":{"rendered":"<p>Persille \u00a0Persille er fuld af n\u00e6ringsstoffer. Urten er rig p\u00e5 mineraler og vitaminer. Den indeholder calcium, fosfor, jern, jod, kalium, kobber, krom, magnesium, mangan, nikkel, selen og zink. Den har oveni k\u00f8bet et h\u00f8jt indhold af folsyre samt vitaminerne A, B, C, E og K. Retur til afgr\u00f8de indeks Opskrifter Jomfruhummerhaler med frisk persille Retur [&hellip;]<\/p>\n","protected":false},"author":1,"featured_media":0,"parent":0,"menu_order":0,"comment_status":"closed","ping_status":"closed","template":"","meta":{"om_disable_all_campaigns":false,"_monsterinsights_skip_tracking":false,"_monsterinsights_sitenote_active":false,"_monsterinsights_sitenote_note":"","_monsterinsights_sitenote_category":0,"footnotes":""},"class_list":["post-2492","page","type-page","status-publish","hentry","entry"],"_links":{"self":[{"href":"https:\/\/havensverden.dk\/index.php?rest_route=\/wp\/v2\/pages\/2492","targetHints":{"allow":["GET"]}}],"collection":[{"href":"https:\/\/havensverden.dk\/index.php?rest_route=\/wp\/v2\/pages"}],"about":[{"href":"https:\/\/havensverden.dk\/index.php?rest_route=\/wp\/v2\/types\/page"}],"author":[{"embeddable":true,"href":"https:\/\/havensverden.dk\/index.php?rest_route=\/wp\/v2\/users\/1"}],"replies":[{"embeddable":true,"href":"https:\/\/havensverden.dk\/index.php?rest_route=%2Fwp%2Fv2%2Fcomments&post=2492"}],"version-history":[{"count":29,"href":"https:\/\/havensverden.dk\/index.php?rest_route=\/wp\/v2\/pages\/2492\/revisions"}],"predecessor-version":[{"id":2576,"href":"https:\/\/havensverden.dk\/index.php?rest_route=\/wp\/v2\/pages\/2492\/revisions\/2576"}],"wp:attachment":[{"href":"https:\/\/havensverden.dk\/index.php?rest_route=%2Fwp%2Fv2%2Fmedia&parent=2492"}],"curies":[{"name":"wp","href":"https:\/\/api.w.org\/{rel}","templated":true}]}}