{"id":1558,"date":"2022-02-21T20:38:33","date_gmt":"2022-02-21T19:38:33","guid":{"rendered":"https:\/\/havensverden.dk\/?page_id=1558"},"modified":"2022-02-22T07:55:26","modified_gmt":"2022-02-22T06:55:26","slug":"spiselige-blomster","status":"publish","type":"page","link":"https:\/\/havensverden.dk\/?page_id=1558","title":{"rendered":"Spiselige blomster"},"content":{"rendered":"\t\t<div data-elementor-type=\"wp-page\" data-elementor-id=\"1558\" class=\"elementor elementor-1558\" data-elementor-settings=\"[]\">\n\t\t\t\t\t\t\t<div class=\"elementor-section-wrap\">\n\t\t\t\t\t\t\t<section class=\"elementor-section elementor-top-section elementor-element elementor-element-b76b597 elementor-section-boxed elementor-section-height-default elementor-section-height-default\" data-id=\"b76b597\" data-element_type=\"section\">\n\t\t\t\t\t\t<div class=\"elementor-container elementor-column-gap-default\">\n\t\t\t\t\t<div class=\"elementor-column elementor-col-100 elementor-top-column elementor-element elementor-element-6fe5743\" data-id=\"6fe5743\" data-element_type=\"column\">\n\t\t\t<div class=\"elementor-widget-wrap elementor-element-populated\">\n\t\t\t\t\t\t\t\t<div class=\"elementor-element elementor-element-9d460ed elementor-widget__width-initial elementor-widget elementor-widget-heading\" data-id=\"9d460ed\" data-element_type=\"widget\" data-widget_type=\"heading.default\">\n\t\t\t\t<div class=\"elementor-widget-container\">\n\t\t\t<style>\/*! elementor - v3.5.3 - 28-12-2021 *\/\n.elementor-heading-title{padding:0;margin:0;line-height:1}.elementor-widget-heading .elementor-heading-title[class*=elementor-size-]>a{color:inherit;font-size:inherit;line-height:inherit}.elementor-widget-heading .elementor-heading-title.elementor-size-small{font-size:15px}.elementor-widget-heading .elementor-heading-title.elementor-size-medium{font-size:19px}.elementor-widget-heading .elementor-heading-title.elementor-size-large{font-size:29px}.elementor-widget-heading .elementor-heading-title.elementor-size-xl{font-size:39px}.elementor-widget-heading .elementor-heading-title.elementor-size-xxl{font-size:59px}<\/style><h2 class=\"elementor-heading-title elementor-size-default\">Spiselige blomster<\/h2>\t\t<\/div>\n\t\t\t\t<\/div>\n\t\t\t\t\t<\/div>\n\t\t<\/div>\n\t\t\t\t\t\t\t<\/div>\n\t\t<\/section>\n\t\t\t\t<section class=\"elementor-section elementor-top-section elementor-element elementor-element-21e3924 elementor-section-boxed elementor-section-height-default elementor-section-height-default\" data-id=\"21e3924\" data-element_type=\"section\">\n\t\t\t\t\t\t<div class=\"elementor-container elementor-column-gap-default\">\n\t\t\t\t\t<div class=\"elementor-column elementor-col-50 elementor-top-column elementor-element elementor-element-b9429e0\" data-id=\"b9429e0\" data-element_type=\"column\">\n\t\t\t<div class=\"elementor-widget-wrap elementor-element-populated\">\n\t\t\t\t\t\t\t\t<div class=\"elementor-element elementor-element-899b309 elementor-widget elementor-widget-text-editor\" data-id=\"899b309\" data-element_type=\"widget\" data-widget_type=\"text-editor.default\">\n\t\t\t\t<div class=\"elementor-widget-container\">\n\t\t\t<style>\/*! elementor - v3.5.3 - 28-12-2021 *\/\n.elementor-widget-text-editor.elementor-drop-cap-view-stacked .elementor-drop-cap{background-color:#818a91;color:#fff}.elementor-widget-text-editor.elementor-drop-cap-view-framed .elementor-drop-cap{color:#818a91;border:3px solid;background-color:transparent}.elementor-widget-text-editor:not(.elementor-drop-cap-view-default) .elementor-drop-cap{margin-top:8px}.elementor-widget-text-editor:not(.elementor-drop-cap-view-default) .elementor-drop-cap-letter{width:1em;height:1em}.elementor-widget-text-editor .elementor-drop-cap{float:left;text-align:center;line-height:1;font-size:50px}.elementor-widget-text-editor .elementor-drop-cap-letter{display:inline-block}<\/style>\t\t\t\t<p>Spiselige blomster giver et sk\u00f8nt visuelt udtryk ligesom det kan \u00f8ge smagsoplevelsen i alt fra salater til kager.<\/p><p>Det er vigtigt, at de er uspr\u00f8jtede. Hold dig fra f\u00f8rstegenerations-blomster fra planteskoler, da det ikke vides, hvad de er blevet spr\u00f8jtet med, inden de kom i haven.<\/p><p>Der findes mange spiselige blomster, som vokser vildt i naturen i Danmark, f.eks.\u00a0<span style=\"font-size: 14px; color: var( --e-global-color-text );\">skovsyre, kornblomster, strandkarse og hyldeblomster. Jeg er dog p\u00e5passelig med at plukke disse. Jeg vil v\u00e6re sikker p\u00e5, at de er uspr\u00f8jtede, og jeg plukker aldrig blomster, der st\u00e5r for t\u00e6t p\u00e5 vejen, da de kan v\u00e6re udsat for giftstoffer.\u00a0<\/span><\/p><p><span style=\"font-size: 14px; color: var( --e-global-color-text );\">I haven har jeg spiselige blomster som\u00a0<\/span><span style=\"font-size: 14px; color: var( --e-global-color-text );\">stedmoderblomster, lavendel, forglemmigej og georginer.\u00a0<\/span><\/p>\t\t\t\t\t\t<\/div>\n\t\t\t\t<\/div>\n\t\t\t\t\t<\/div>\n\t\t<\/div>\n\t\t\t\t<div class=\"elementor-column elementor-col-50 elementor-top-column elementor-element elementor-element-c28ebcb\" data-id=\"c28ebcb\" data-element_type=\"column\">\n\t\t\t<div class=\"elementor-widget-wrap elementor-element-populated\">\n\t\t\t\t\t\t\t\t<div class=\"elementor-element elementor-element-2d049f4 elementor-widget elementor-widget-image\" data-id=\"2d049f4\" data-element_type=\"widget\" data-widget_type=\"image.default\">\n\t\t\t\t<div class=\"elementor-widget-container\">\n\t\t\t<style>\/*! elementor - v3.5.3 - 28-12-2021 *\/\n.elementor-widget-image{text-align:center}.elementor-widget-image a{display:inline-block}.elementor-widget-image a img[src$=\".svg\"]{width:48px}.elementor-widget-image img{vertical-align:middle;display:inline-block}<\/style>\t\t\t\t\t\t\t\t\t<figure class=\"wp-caption\">\n\t\t\t\t\t\t\t\t\t\t<img loading=\"lazy\" decoding=\"async\" width=\"249\" height=\"282\" src=\"https:\/\/havensverden.dk\/wp-content\/uploads\/2022\/02\/Stedmoder-1.jpg\" class=\"attachment-large size-large\" alt=\"\" \/>\t\t\t\t\t\t\t\t\t\t\t<figcaption class=\"widget-image-caption wp-caption-text\">Stedmoderblomster kan spises - s\u00f8rg for at de er uspr\u00f8jtede<\/figcaption>\n\t\t\t\t\t\t\t\t\t\t<\/figure>\n\t\t\t\t\t\t\t\t\t<\/div>\n\t\t\t\t<\/div>\n\t\t\t\t\t<\/div>\n\t\t<\/div>\n\t\t\t\t\t\t\t<\/div>\n\t\t<\/section>\n\t\t\t\t\t\t<\/div>\n\t\t\t\t\t<\/div>\n\t\t","protected":false},"excerpt":{"rendered":"<p>Spiselige blomster Spiselige blomster giver et sk\u00f8nt visuelt udtryk ligesom det kan \u00f8ge smagsoplevelsen i alt fra salater til kager. Det er vigtigt, at de er uspr\u00f8jtede. Hold dig fra f\u00f8rstegenerations-blomster fra planteskoler, da det ikke vides, hvad de er blevet spr\u00f8jtet med, inden de kom i haven. Der findes mange spiselige blomster, som vokser [&hellip;]<\/p>\n","protected":false},"author":1,"featured_media":0,"parent":0,"menu_order":0,"comment_status":"closed","ping_status":"closed","template":"","meta":{"om_disable_all_campaigns":false,"_monsterinsights_skip_tracking":false,"_monsterinsights_sitenote_active":false,"_monsterinsights_sitenote_note":"","_monsterinsights_sitenote_category":0,"footnotes":""},"class_list":["post-1558","page","type-page","status-publish","hentry","entry"],"_links":{"self":[{"href":"https:\/\/havensverden.dk\/index.php?rest_route=\/wp\/v2\/pages\/1558","targetHints":{"allow":["GET"]}}],"collection":[{"href":"https:\/\/havensverden.dk\/index.php?rest_route=\/wp\/v2\/pages"}],"about":[{"href":"https:\/\/havensverden.dk\/index.php?rest_route=\/wp\/v2\/types\/page"}],"author":[{"embeddable":true,"href":"https:\/\/havensverden.dk\/index.php?rest_route=\/wp\/v2\/users\/1"}],"replies":[{"embeddable":true,"href":"https:\/\/havensverden.dk\/index.php?rest_route=%2Fwp%2Fv2%2Fcomments&post=1558"}],"version-history":[{"count":4,"href":"https:\/\/havensverden.dk\/index.php?rest_route=\/wp\/v2\/pages\/1558\/revisions"}],"predecessor-version":[{"id":1628,"href":"https:\/\/havensverden.dk\/index.php?rest_route=\/wp\/v2\/pages\/1558\/revisions\/1628"}],"wp:attachment":[{"href":"https:\/\/havensverden.dk\/index.php?rest_route=%2Fwp%2Fv2%2Fmedia&parent=1558"}],"curies":[{"name":"wp","href":"https:\/\/api.w.org\/{rel}","templated":true}]}}