{"id":1253,"date":"2022-02-05T20:33:36","date_gmt":"2022-02-05T19:33:36","guid":{"rendered":"https:\/\/havensverden.dk\/?page_id=1253"},"modified":"2022-03-15T22:12:47","modified_gmt":"2022-03-15T21:12:47","slug":"marts","status":"publish","type":"page","link":"https:\/\/havensverden.dk\/?page_id=1253","title":{"rendered":"Marts"},"content":{"rendered":"\t\t<div data-elementor-type=\"wp-page\" data-elementor-id=\"1253\" class=\"elementor elementor-1253\" data-elementor-settings=\"[]\">\n\t\t\t\t\t\t\t<div class=\"elementor-section-wrap\">\n\t\t\t\t\t\t\t<section class=\"elementor-section elementor-top-section elementor-element elementor-element-7dbf2ab elementor-section-boxed elementor-section-height-default elementor-section-height-default\" data-id=\"7dbf2ab\" data-element_type=\"section\">\n\t\t\t\t\t\t<div class=\"elementor-container elementor-column-gap-default\">\n\t\t\t\t\t<div class=\"elementor-column elementor-col-100 elementor-top-column elementor-element elementor-element-922f48a\" data-id=\"922f48a\" data-element_type=\"column\">\n\t\t\t<div class=\"elementor-widget-wrap elementor-element-populated\">\n\t\t\t\t\t\t\t\t<div class=\"elementor-element elementor-element-7d370cc elementor-widget__width-initial elementor-widget elementor-widget-heading\" data-id=\"7d370cc\" data-element_type=\"widget\" data-widget_type=\"heading.default\">\n\t\t\t\t<div class=\"elementor-widget-container\">\n\t\t\t<style>\/*! elementor - v3.5.3 - 28-12-2021 *\/\n.elementor-heading-title{padding:0;margin:0;line-height:1}.elementor-widget-heading .elementor-heading-title[class*=elementor-size-]>a{color:inherit;font-size:inherit;line-height:inherit}.elementor-widget-heading .elementor-heading-title.elementor-size-small{font-size:15px}.elementor-widget-heading .elementor-heading-title.elementor-size-medium{font-size:19px}.elementor-widget-heading .elementor-heading-title.elementor-size-large{font-size:29px}.elementor-widget-heading .elementor-heading-title.elementor-size-xl{font-size:39px}.elementor-widget-heading .elementor-heading-title.elementor-size-xxl{font-size:59px}<\/style><h2 class=\"elementor-heading-title elementor-size-default\">Marts<\/h2>\t\t<\/div>\n\t\t\t\t<\/div>\n\t\t\t\t\t<\/div>\n\t\t<\/div>\n\t\t\t\t\t\t\t<\/div>\n\t\t<\/section>\n\t\t\t\t<section class=\"elementor-section elementor-top-section elementor-element elementor-element-ed40043 elementor-section-boxed elementor-section-height-default elementor-section-height-default\" data-id=\"ed40043\" data-element_type=\"section\">\n\t\t\t\t\t\t<div class=\"elementor-container elementor-column-gap-default\">\n\t\t\t\t\t<div class=\"elementor-column elementor-col-50 elementor-top-column elementor-element elementor-element-fc1484d\" data-id=\"fc1484d\" data-element_type=\"column\">\n\t\t\t<div class=\"elementor-widget-wrap elementor-element-populated\">\n\t\t\t\t\t\t\t\t<div class=\"elementor-element elementor-element-2c27b74 elementor-widget elementor-widget-text-editor\" data-id=\"2c27b74\" data-element_type=\"widget\" data-widget_type=\"text-editor.default\">\n\t\t\t\t<div class=\"elementor-widget-container\">\n\t\t\t<style>\/*! elementor - v3.5.3 - 28-12-2021 *\/\n.elementor-widget-text-editor.elementor-drop-cap-view-stacked .elementor-drop-cap{background-color:#818a91;color:#fff}.elementor-widget-text-editor.elementor-drop-cap-view-framed .elementor-drop-cap{color:#818a91;border:3px solid;background-color:transparent}.elementor-widget-text-editor:not(.elementor-drop-cap-view-default) .elementor-drop-cap{margin-top:8px}.elementor-widget-text-editor:not(.elementor-drop-cap-view-default) .elementor-drop-cap-letter{width:1em;height:1em}.elementor-widget-text-editor .elementor-drop-cap{float:left;text-align:center;line-height:1;font-size:50px}.elementor-widget-text-editor .elementor-drop-cap-letter{display:inline-block}<\/style>\t\t\t\t\t\t\t\t\t\t<\/div>\n\t\t\t\t<\/div>\n\t\t\t\t<div class=\"elementor-element elementor-element-bafec68 elementor-widget elementor-widget-text-editor\" data-id=\"bafec68\" data-element_type=\"widget\" data-widget_type=\"text-editor.default\">\n\t\t\t\t<div class=\"elementor-widget-container\">\n\t\t\t\t\t\t\t<p>Endelig begynder haveprojekterne udenfor.<\/p><p>Det er nu tid til at f\u00e5 jorden til at blive varm.Jeg plejer at hj\u00e6lpe processen p\u00e5 vej ved at d\u00e6kke jorden med klar plastik.\u00a0<\/p><p>N\u00e5r jorden er varm (mellem 8-10 grader) kan de forspirede kartofler l\u00e6gges i jorden. Man kan ogs\u00e5 s\u00e5 radiser, rucolasalat eller salatsennep i marts, n\u00e5r jorden er blevet varm.<\/p><p>Drivhuss\u00e6sonen er endnu ikke i gang plantem\u00e6ssigt, men det er l\u00e6kkert at opholde sig i drivhuset. Det er let at skabe en hyggelig stemning med havem\u00f8blerne, for\u00e5rsblomster, lysk\u00e6der osv.\u00a0<\/p>\t\t\t\t\t\t<\/div>\n\t\t\t\t<\/div>\n\t\t\t\t<div class=\"elementor-element elementor-element-4185fed elementor-widget elementor-widget-image\" data-id=\"4185fed\" data-element_type=\"widget\" data-widget_type=\"image.default\">\n\t\t\t\t<div class=\"elementor-widget-container\">\n\t\t\t<style>\/*! elementor - v3.5.3 - 28-12-2021 *\/\n.elementor-widget-image{text-align:center}.elementor-widget-image a{display:inline-block}.elementor-widget-image a img[src$=\".svg\"]{width:48px}.elementor-widget-image img{vertical-align:middle;display:inline-block}<\/style>\t\t\t\t\t\t\t\t\t<figure class=\"wp-caption\">\n\t\t\t\t\t\t\t\t\t\t<img loading=\"lazy\" decoding=\"async\" width=\"245\" height=\"327\" src=\"https:\/\/havensverden.dk\/wp-content\/uploads\/2022\/03\/Foraar-krydderurtebed.jpg\" class=\"attachment-large size-large\" alt=\"\" srcset=\"https:\/\/havensverden.dk\/wp-content\/uploads\/2022\/03\/Foraar-krydderurtebed.jpg 245w, https:\/\/havensverden.dk\/wp-content\/uploads\/2022\/03\/Foraar-krydderurtebed-225x300.jpg 225w\" sizes=\"auto, (max-width: 245px) 100vw, 245px\" \/>\t\t\t\t\t\t\t\t\t\t\t<figcaption class=\"widget-image-caption wp-caption-text\">For\u00e5r i krydderurtebedet<\/figcaption>\n\t\t\t\t\t\t\t\t\t\t<\/figure>\n\t\t\t\t\t\t\t\t\t<\/div>\n\t\t\t\t<\/div>\n\t\t\t\t\t<\/div>\n\t\t<\/div>\n\t\t\t\t<div class=\"elementor-column elementor-col-50 elementor-top-column elementor-element elementor-element-86925b2\" data-id=\"86925b2\" data-element_type=\"column\">\n\t\t\t<div class=\"elementor-widget-wrap elementor-element-populated\">\n\t\t\t\t\t\t\t\t<div class=\"elementor-element elementor-element-32f2502 elementor-widget elementor-widget-image\" data-id=\"32f2502\" data-element_type=\"widget\" data-widget_type=\"image.default\">\n\t\t\t\t<div class=\"elementor-widget-container\">\n\t\t\t\t\t\t\t\t\t\t\t\t<figure class=\"wp-caption\">\n\t\t\t\t\t\t\t\t\t\t<img loading=\"lazy\" decoding=\"async\" width=\"409\" height=\"272\" src=\"https:\/\/havensverden.dk\/wp-content\/uploads\/2022\/03\/Drivhus-1.jpg\" class=\"attachment-large size-large\" alt=\"\" srcset=\"https:\/\/havensverden.dk\/wp-content\/uploads\/2022\/03\/Drivhus-1.jpg 409w, https:\/\/havensverden.dk\/wp-content\/uploads\/2022\/03\/Drivhus-1-300x200.jpg 300w\" sizes=\"auto, (max-width: 409px) 100vw, 409px\" \/>\t\t\t\t\t\t\t\t\t\t\t<figcaption class=\"widget-image-caption wp-caption-text\">For\u00e5rsstemning i drivhuset<\/figcaption>\n\t\t\t\t\t\t\t\t\t\t<\/figure>\n\t\t\t\t\t\t\t\t\t<\/div>\n\t\t\t\t<\/div>\n\t\t\t\t<div class=\"elementor-element elementor-element-bcdfbd9 elementor-widget elementor-widget-image\" data-id=\"bcdfbd9\" data-element_type=\"widget\" data-widget_type=\"image.default\">\n\t\t\t\t<div class=\"elementor-widget-container\">\n\t\t\t\t\t\t\t\t\t\t\t\t<figure class=\"wp-caption\">\n\t\t\t\t\t\t\t\t\t\t<img loading=\"lazy\" decoding=\"async\" width=\"409\" height=\"307\" src=\"https:\/\/havensverden.dk\/wp-content\/uploads\/2022\/03\/Plastic-over-hoejbede.jpg\" class=\"attachment-large size-large\" alt=\"\" srcset=\"https:\/\/havensverden.dk\/wp-content\/uploads\/2022\/03\/Plastic-over-hoejbede.jpg 409w, https:\/\/havensverden.dk\/wp-content\/uploads\/2022\/03\/Plastic-over-hoejbede-300x225.jpg 300w\" sizes=\"auto, (max-width: 409px) 100vw, 409px\" \/>\t\t\t\t\t\t\t\t\t\t\t<figcaption class=\"widget-image-caption wp-caption-text\">Ved at d\u00e6kke jorden med klar plastik g\u00e5r det hurtigere med at f\u00e5 jorden varmet op og gjort klar til bl.a. l\u00e6ggekartofler<\/figcaption>\n\t\t\t\t\t\t\t\t\t\t<\/figure>\n\t\t\t\t\t\t\t\t\t<\/div>\n\t\t\t\t<\/div>\n\t\t\t\t\t<\/div>\n\t\t<\/div>\n\t\t\t\t\t\t\t<\/div>\n\t\t<\/section>\n\t\t\t\t<section class=\"elementor-section elementor-top-section elementor-element elementor-element-e549e83 elementor-section-boxed elementor-section-height-default elementor-section-height-default\" data-id=\"e549e83\" data-element_type=\"section\">\n\t\t\t\t\t\t<div class=\"elementor-container elementor-column-gap-default\">\n\t\t\t\t\t<div class=\"elementor-column elementor-col-50 elementor-top-column elementor-element elementor-element-38fe6b3\" data-id=\"38fe6b3\" data-element_type=\"column\">\n\t\t\t<div class=\"elementor-widget-wrap elementor-element-populated\">\n\t\t\t\t\t\t\t\t<div class=\"elementor-element elementor-element-9223870 elementor-widget elementor-widget-text-editor\" data-id=\"9223870\" data-element_type=\"widget\" data-widget_type=\"text-editor.default\">\n\t\t\t\t<div class=\"elementor-widget-container\">\n\t\t\t\t\t\t\t<p><span lang=\"DA\"><strong>G\u00f8dning<\/strong><br \/><\/span><\/p><p><span lang=\"DA\">Jeg er opvokset p\u00e5 en g\u00e5rd \u2013 der var altid let adgang til naturg\u00f8dning til haven. Har man ikke forbindelser til nogen, som gerne vil afgive lidt naturlig g\u00f8dning til haven, s\u00e5 kan man i dag k\u00f8be naturg\u00f8dning.<\/span><\/p><p><span lang=\"DA\">G\u00f8dningen skal graves ned inden der s\u00e5s og plantes (min. 1 uge f\u00f8r). I l\u00f8bet af s\u00e6sonen efterg\u00f8der jeg de moderate og meget g\u00f8dningskr\u00e6vende planter.<\/span><\/p><p><span lang=\"DA\">Mindre g\u00f8dningskr\u00e6vende planter er f.eks. frugt- og b\u00e6rbuske, gulerod, jordb\u00e6r, krydderurter, radiser, \u00a0spinat.<\/span><\/p><p><span lang=\"DA\">Moderat g\u00f8dningskr\u00e6vende planter er f.eks. kartoffel, gr\u00f8nk\u00e5l, salat, squash, tomat, fennikel, kinak\u00e5l, l\u00f8g, pastinak, persiller\u00f8dder.<\/span><\/p><p>\u00a0<\/p><p><span lang=\"DA\">Meget g\u00f8dningskr\u00e6vende planter er f.eks. bladselleri, blomk\u00e5l, broccoli, hvidk\u00e5l, knoldselleri, porre, rosenk\u00e5l, r\u00f8dk\u00e5l, spidsk\u00e5l.<\/span><\/p>\t\t\t\t\t\t<\/div>\n\t\t\t\t<\/div>\n\t\t\t\t\t<\/div>\n\t\t<\/div>\n\t\t\t\t<div class=\"elementor-column elementor-col-50 elementor-top-column elementor-element elementor-element-46ff8d3\" data-id=\"46ff8d3\" data-element_type=\"column\">\n\t\t\t<div class=\"elementor-widget-wrap elementor-element-populated\">\n\t\t\t\t\t\t\t\t<div class=\"elementor-element elementor-element-125b3b2 elementor-widget elementor-widget-image\" data-id=\"125b3b2\" data-element_type=\"widget\" data-widget_type=\"image.default\">\n\t\t\t\t<div class=\"elementor-widget-container\">\n\t\t\t\t\t\t\t\t\t\t\t\t<figure class=\"wp-caption\">\n\t\t\t\t\t\t\t\t\t\t<img loading=\"lazy\" decoding=\"async\" width=\"327\" height=\"245\" src=\"https:\/\/havensverden.dk\/wp-content\/uploads\/2022\/03\/Naturgoedning-1.jpg\" class=\"attachment-large size-large\" alt=\"\" srcset=\"https:\/\/havensverden.dk\/wp-content\/uploads\/2022\/03\/Naturgoedning-1.jpg 327w, https:\/\/havensverden.dk\/wp-content\/uploads\/2022\/03\/Naturgoedning-1-300x225.jpg 300w\" sizes=\"auto, (max-width: 327px) 100vw, 327px\" \/>\t\t\t\t\t\t\t\t\t\t\t<figcaption class=\"widget-image-caption wp-caption-text\">Naturg\u00f8dning skal graves ned inden der s\u00e5s og plantes<\/figcaption>\n\t\t\t\t\t\t\t\t\t\t<\/figure>\n\t\t\t\t\t\t\t\t\t<\/div>\n\t\t\t\t<\/div>\n\t\t\t\t\t<\/div>\n\t\t<\/div>\n\t\t\t\t\t\t\t<\/div>\n\t\t<\/section>\n\t\t\t\t<section class=\"elementor-section elementor-top-section elementor-element elementor-element-e43d8be elementor-section-boxed elementor-section-height-default elementor-section-height-default\" data-id=\"e43d8be\" data-element_type=\"section\">\n\t\t\t\t\t\t<div class=\"elementor-container elementor-column-gap-default\">\n\t\t\t\t\t<div class=\"elementor-column elementor-col-50 elementor-top-column elementor-element elementor-element-a63de86\" data-id=\"a63de86\" data-element_type=\"column\">\n\t\t\t<div class=\"elementor-widget-wrap elementor-element-populated\">\n\t\t\t\t\t\t\t\t<div class=\"elementor-element elementor-element-5f9c8dd elementor-widget elementor-widget-text-editor\" data-id=\"5f9c8dd\" data-element_type=\"widget\" data-widget_type=\"text-editor.default\">\n\t\t\t\t<div class=\"elementor-widget-container\">\n\t\t\t\t\t\t\t<p><strong>Forspiring<\/strong><\/p><p>Det er nu, det g\u00e5r l\u00f8s. Marts er den helt store m\u00e5ned for p\u00e5begyndelse af forspiring af gr\u00f8ntsager til k\u00f8kkenhaven. Mine vindueskarme kommer i l\u00f8bet af de n\u00e6ste m\u00e5neder til at bugne af sm\u00e5 planter, der kan vokse sig store og st\u00e6rke under de beskyttede forhold indend\u00f8rs.\u00a0<\/p><p>En del gr\u00f8ntsager i k\u00f8kkenhaven kan f\u00f8rst s\u00e5s direkte i jorden medio\/sidst i maj, da de kr\u00e6ver en del varme. Dermed har de travlt, hvis de skal n\u00e5 at spire, vokse til og give et godt udbytte, f\u00f8r sommeren er forbi. Derfor er det smart at forspire disse gr\u00f8ntsager inden d\u00f8re og plante dem ud, n\u00e5r der ikke l\u00e6ngere er risiko for frost (sidste i maj). P\u00e5 den m\u00e5de er planterne allerede godt i gang, og chancen for godt udbytte \u00f8ges.<\/p>\t\t\t\t\t\t<\/div>\n\t\t\t\t<\/div>\n\t\t\t\t<div class=\"elementor-element elementor-element-2405a20 elementor-widget elementor-widget-image\" data-id=\"2405a20\" data-element_type=\"widget\" data-widget_type=\"image.default\">\n\t\t\t\t<div class=\"elementor-widget-container\">\n\t\t\t\t\t\t\t\t\t\t\t\t<figure class=\"wp-caption\">\n\t\t\t\t\t\t\t\t\t\t<img loading=\"lazy\" decoding=\"async\" width=\"409\" height=\"307\" src=\"https:\/\/havensverden.dk\/wp-content\/uploads\/2022\/03\/Forspiring-basilikum-persille-rosensalat.jpg\" class=\"attachment-large size-large\" alt=\"\" srcset=\"https:\/\/havensverden.dk\/wp-content\/uploads\/2022\/03\/Forspiring-basilikum-persille-rosensalat.jpg 409w, https:\/\/havensverden.dk\/wp-content\/uploads\/2022\/03\/Forspiring-basilikum-persille-rosensalat-300x225.jpg 300w\" sizes=\"auto, (max-width: 409px) 100vw, 409px\" \/>\t\t\t\t\t\t\t\t\t\t\t<figcaption class=\"widget-image-caption wp-caption-text\">Forspiring af persille, basilikum og rosensalat<\/figcaption>\n\t\t\t\t\t\t\t\t\t\t<\/figure>\n\t\t\t\t\t\t\t\t\t<\/div>\n\t\t\t\t<\/div>\n\t\t\t\t\t<\/div>\n\t\t<\/div>\n\t\t\t\t<div class=\"elementor-column elementor-col-50 elementor-top-column elementor-element elementor-element-570d306\" data-id=\"570d306\" data-element_type=\"column\">\n\t\t\t<div class=\"elementor-widget-wrap elementor-element-populated\">\n\t\t\t\t\t\t\t\t<div class=\"elementor-element elementor-element-f024b5d elementor-widget elementor-widget-image\" data-id=\"f024b5d\" data-element_type=\"widget\" data-widget_type=\"image.default\">\n\t\t\t\t<div class=\"elementor-widget-container\">\n\t\t\t\t\t\t\t\t\t\t\t\t<figure class=\"wp-caption\">\n\t\t\t\t\t\t\t\t\t\t<img loading=\"lazy\" decoding=\"async\" width=\"409\" height=\"307\" src=\"https:\/\/havensverden.dk\/wp-content\/uploads\/2022\/03\/Artiskok.jpg\" class=\"attachment-large size-large\" alt=\"\" srcset=\"https:\/\/havensverden.dk\/wp-content\/uploads\/2022\/03\/Artiskok.jpg 409w, https:\/\/havensverden.dk\/wp-content\/uploads\/2022\/03\/Artiskok-300x225.jpg 300w\" sizes=\"auto, (max-width: 409px) 100vw, 409px\" \/>\t\t\t\t\t\t\t\t\t\t\t<figcaption class=\"widget-image-caption wp-caption-text\">Forspirede artiskokker<\/figcaption>\n\t\t\t\t\t\t\t\t\t\t<\/figure>\n\t\t\t\t\t\t\t\t\t<\/div>\n\t\t\t\t<\/div>\n\t\t\t\t\t<\/div>\n\t\t<\/div>\n\t\t\t\t\t\t\t<\/div>\n\t\t<\/section>\n\t\t\t\t<section class=\"elementor-section elementor-top-section elementor-element elementor-element-bb9a134 elementor-section-boxed elementor-section-height-default elementor-section-height-default\" data-id=\"bb9a134\" data-element_type=\"section\">\n\t\t\t\t\t\t<div class=\"elementor-container elementor-column-gap-default\">\n\t\t\t\t\t<div class=\"elementor-column elementor-col-50 elementor-top-column elementor-element elementor-element-3a11622\" data-id=\"3a11622\" data-element_type=\"column\">\n\t\t\t<div class=\"elementor-widget-wrap elementor-element-populated\">\n\t\t\t\t\t\t\t\t<div class=\"elementor-element elementor-element-580f814 elementor-widget elementor-widget-text-editor\" data-id=\"580f814\" data-element_type=\"widget\" data-widget_type=\"text-editor.default\">\n\t\t\t\t<div class=\"elementor-widget-container\">\n\t\t\t\t\t\t\t<p><strong>Udplantning\u00a0<\/strong><\/p><p>Medio\/slut marts kan de forspirede kartofler plantes ud i kartoffelspandene i drivhuset, eller de kan puttes i jorden, hvis jorden d\u00e6kkes med plastic, s\u00e5 frosten ikke n\u00e5r ned til kartoflerne.<\/p><p>\u00a0<\/p>\t\t\t\t\t\t<\/div>\n\t\t\t\t<\/div>\n\t\t\t\t\t<\/div>\n\t\t<\/div>\n\t\t\t\t<div class=\"elementor-column elementor-col-50 elementor-top-column elementor-element elementor-element-27d5a94\" data-id=\"27d5a94\" data-element_type=\"column\">\n\t\t\t<div class=\"elementor-widget-wrap elementor-element-populated\">\n\t\t\t\t\t\t\t\t<div class=\"elementor-element elementor-element-875491c elementor-widget elementor-widget-image\" data-id=\"875491c\" data-element_type=\"widget\" data-widget_type=\"image.default\">\n\t\t\t\t<div class=\"elementor-widget-container\">\n\t\t\t\t\t\t\t\t\t\t\t\t<figure class=\"wp-caption\">\n\t\t\t\t\t\t\t\t\t\t<img loading=\"lazy\" decoding=\"async\" width=\"409\" height=\"307\" src=\"https:\/\/havensverden.dk\/wp-content\/uploads\/2022\/03\/Kartofler-4.jpg\" class=\"attachment-large size-large\" alt=\"\" srcset=\"https:\/\/havensverden.dk\/wp-content\/uploads\/2022\/03\/Kartofler-4.jpg 409w, https:\/\/havensverden.dk\/wp-content\/uploads\/2022\/03\/Kartofler-4-300x225.jpg 300w\" sizes=\"auto, (max-width: 409px) 100vw, 409px\" \/>\t\t\t\t\t\t\t\t\t\t\t<figcaption class=\"widget-image-caption wp-caption-text\">Forspirede kartofler klar til at komme i jorden<\/figcaption>\n\t\t\t\t\t\t\t\t\t\t<\/figure>\n\t\t\t\t\t\t\t\t\t<\/div>\n\t\t\t\t<\/div>\n\t\t\t\t\t<\/div>\n\t\t<\/div>\n\t\t\t\t\t\t\t<\/div>\n\t\t<\/section>\n\t\t\t\t\t\t<\/div>\n\t\t\t\t\t<\/div>\n\t\t","protected":false},"excerpt":{"rendered":"<p>Marts Endelig begynder haveprojekterne udenfor. Det er nu tid til at f\u00e5 jorden til at blive varm.Jeg plejer at hj\u00e6lpe processen p\u00e5 vej ved at d\u00e6kke jorden med klar plastik.\u00a0 N\u00e5r jorden er varm (mellem 8-10 grader) kan de forspirede kartofler l\u00e6gges i jorden. Man kan ogs\u00e5 s\u00e5 radiser, rucolasalat eller salatsennep i marts, n\u00e5r [&hellip;]<\/p>\n","protected":false},"author":1,"featured_media":0,"parent":0,"menu_order":0,"comment_status":"closed","ping_status":"closed","template":"","meta":{"om_disable_all_campaigns":false,"_monsterinsights_skip_tracking":false,"_monsterinsights_sitenote_active":false,"_monsterinsights_sitenote_note":"","_monsterinsights_sitenote_category":0,"footnotes":""},"class_list":["post-1253","page","type-page","status-publish","hentry","entry"],"_links":{"self":[{"href":"https:\/\/havensverden.dk\/index.php?rest_route=\/wp\/v2\/pages\/1253","targetHints":{"allow":["GET"]}}],"collection":[{"href":"https:\/\/havensverden.dk\/index.php?rest_route=\/wp\/v2\/pages"}],"about":[{"href":"https:\/\/havensverden.dk\/index.php?rest_route=\/wp\/v2\/types\/page"}],"author":[{"embeddable":true,"href":"https:\/\/havensverden.dk\/index.php?rest_route=\/wp\/v2\/users\/1"}],"replies":[{"embeddable":true,"href":"https:\/\/havensverden.dk\/index.php?rest_route=%2Fwp%2Fv2%2Fcomments&post=1253"}],"version-history":[{"count":40,"href":"https:\/\/havensverden.dk\/index.php?rest_route=\/wp\/v2\/pages\/1253\/revisions"}],"predecessor-version":[{"id":1912,"href":"https:\/\/havensverden.dk\/index.php?rest_route=\/wp\/v2\/pages\/1253\/revisions\/1912"}],"wp:attachment":[{"href":"https:\/\/havensverden.dk\/index.php?rest_route=%2Fwp%2Fv2%2Fmedia&parent=1253"}],"curies":[{"name":"wp","href":"https:\/\/api.w.org\/{rel}","templated":true}]}}