{"id":1229,"date":"2022-02-05T20:11:10","date_gmt":"2022-02-05T19:11:10","guid":{"rendered":"https:\/\/havensverden.dk\/?page_id=1229"},"modified":"2022-02-22T07:46:04","modified_gmt":"2022-02-22T06:46:04","slug":"februar","status":"publish","type":"page","link":"https:\/\/havensverden.dk\/?page_id=1229","title":{"rendered":"Februar"},"content":{"rendered":"\t\t<div data-elementor-type=\"wp-page\" data-elementor-id=\"1229\" class=\"elementor elementor-1229\" data-elementor-settings=\"[]\">\n\t\t\t\t\t\t\t<div class=\"elementor-section-wrap\">\n\t\t\t\t\t\t\t<section class=\"elementor-section elementor-top-section elementor-element elementor-element-05c26f9 elementor-section-boxed elementor-section-height-default elementor-section-height-default\" data-id=\"05c26f9\" data-element_type=\"section\">\n\t\t\t\t\t\t<div class=\"elementor-container elementor-column-gap-default\">\n\t\t\t\t\t<div class=\"elementor-column elementor-col-100 elementor-top-column elementor-element elementor-element-40f0013\" data-id=\"40f0013\" data-element_type=\"column\">\n\t\t\t<div class=\"elementor-widget-wrap elementor-element-populated\">\n\t\t\t\t\t\t\t\t<div class=\"elementor-element elementor-element-6371374 elementor-widget__width-initial elementor-widget elementor-widget-heading\" data-id=\"6371374\" data-element_type=\"widget\" data-widget_type=\"heading.default\">\n\t\t\t\t<div class=\"elementor-widget-container\">\n\t\t\t<style>\/*! elementor - v3.5.3 - 28-12-2021 *\/\n.elementor-heading-title{padding:0;margin:0;line-height:1}.elementor-widget-heading .elementor-heading-title[class*=elementor-size-]>a{color:inherit;font-size:inherit;line-height:inherit}.elementor-widget-heading .elementor-heading-title.elementor-size-small{font-size:15px}.elementor-widget-heading .elementor-heading-title.elementor-size-medium{font-size:19px}.elementor-widget-heading .elementor-heading-title.elementor-size-large{font-size:29px}.elementor-widget-heading .elementor-heading-title.elementor-size-xl{font-size:39px}.elementor-widget-heading .elementor-heading-title.elementor-size-xxl{font-size:59px}<\/style><h2 class=\"elementor-heading-title elementor-size-default\">Februar<\/h2>\t\t<\/div>\n\t\t\t\t<\/div>\n\t\t\t\t\t<\/div>\n\t\t<\/div>\n\t\t\t\t\t\t\t<\/div>\n\t\t<\/section>\n\t\t\t\t<section class=\"elementor-section elementor-top-section elementor-element elementor-element-c8af225 elementor-section-boxed elementor-section-height-default elementor-section-height-default\" data-id=\"c8af225\" data-element_type=\"section\">\n\t\t\t\t\t\t<div class=\"elementor-container elementor-column-gap-default\">\n\t\t\t\t\t<div class=\"elementor-column elementor-col-50 elementor-top-column elementor-element elementor-element-11c5657\" data-id=\"11c5657\" data-element_type=\"column\">\n\t\t\t<div class=\"elementor-widget-wrap elementor-element-populated\">\n\t\t\t\t\t\t\t\t<div class=\"elementor-element elementor-element-819ed5f elementor-widget elementor-widget-text-editor\" data-id=\"819ed5f\" data-element_type=\"widget\" data-widget_type=\"text-editor.default\">\n\t\t\t\t<div class=\"elementor-widget-container\">\n\t\t\t<style>\/*! elementor - v3.5.3 - 28-12-2021 *\/\n.elementor-widget-text-editor.elementor-drop-cap-view-stacked .elementor-drop-cap{background-color:#818a91;color:#fff}.elementor-widget-text-editor.elementor-drop-cap-view-framed .elementor-drop-cap{color:#818a91;border:3px solid;background-color:transparent}.elementor-widget-text-editor:not(.elementor-drop-cap-view-default) .elementor-drop-cap{margin-top:8px}.elementor-widget-text-editor:not(.elementor-drop-cap-view-default) .elementor-drop-cap-letter{width:1em;height:1em}.elementor-widget-text-editor .elementor-drop-cap{float:left;text-align:center;line-height:1;font-size:50px}.elementor-widget-text-editor .elementor-drop-cap-letter{display:inline-block}<\/style>\t\t\t\t<p>Der er mange sm\u00e5projekter i haven i februar. Jeg begynder at forspire de planter, der har lang v\u00e6kstperiode.&nbsp;<\/p>\n<p>Chili og tomat er nogle af de f\u00f8rste afgr\u00f8der, der s\u00e5s sammen med peberfrugter og artiskokker. Fr\u00f8ene er forholdsvis langsomme om at komme i gang, og de kr\u00e6ver varme for at spire.<\/p>\n<p>Inden fr\u00f8ene s\u00e5s, fugtes jorden igennem, s\u00e5 fr\u00f8ene ikke skylles v\u00e6k og fejlplaceres. N\u00e5r f\u00f8rene er s\u00e5et, skal de placeres lyst og lunt. En sydvendt vindueskarm er ideel. Fr\u00f8ene kr\u00e6ver 20-25 grader for at spire optimalt, og efter sm\u00e5 14 dage vil de titte frem. N\u00e5r de sm\u00e5 kimplanter er begyndt at vokse, flyttes de under kunstlys i et k\u00f8ligere lokale for at undg\u00e5 ranglet v\u00e6kst. Ranglet v\u00e6kst kommer sig af, n\u00e5r m\u00e6ngden af varme ikke stemmer overens med m\u00e6ngden af lys. Planters v\u00e6kstrate p\u00e5virkes af temperatur, og hvis ikke lyset matcher temperaturen, vil de sm\u00e5 planter str\u00e6kke sig efter det og derved blive ranglede. Har man ikke kunstlys, s\u00e5 flyt planterne til en lys og k\u00f8ligere placering for at skabe balance.<\/p>\n<p>Efter\u00e5rshindb\u00e6rerne besk\u00e6res.<\/p>\n<p style=\"font-size: 14px;\"><span style=\"font-size: 14px; color: var( --e-global-color-text );\">Knoldselleri s\u00e6ttes til forspiring.<\/span><br><\/p>\n<p style=\"font-size: 14px;\">\n<\/p><p style=\"margin-bottom: 10px; font-variant-ligatures: normal; font-variant-caps: normal; line-height: 20px; font-family: MuseoSans, sans-serif; font-size: 14px; font-style: normal; font-weight: 400; color: #333333;\">\n<\/p>\t\t\t\t\t\t<\/div>\n\t\t\t\t<\/div>\n\t\t\t\t\t<\/div>\n\t\t<\/div>\n\t\t\t\t<div class=\"elementor-column elementor-col-50 elementor-top-column elementor-element elementor-element-5b0f430\" data-id=\"5b0f430\" data-element_type=\"column\">\n\t\t\t<div class=\"elementor-widget-wrap elementor-element-populated\">\n\t\t\t\t\t\t\t\t<div class=\"elementor-element elementor-element-8af72b5 elementor-widget elementor-widget-image\" data-id=\"8af72b5\" data-element_type=\"widget\" data-widget_type=\"image.default\">\n\t\t\t\t<div class=\"elementor-widget-container\">\n\t\t\t<style>\/*! elementor - v3.5.3 - 28-12-2021 *\/\n.elementor-widget-image{text-align:center}.elementor-widget-image a{display:inline-block}.elementor-widget-image a img[src$=\".svg\"]{width:48px}.elementor-widget-image img{vertical-align:middle;display:inline-block}<\/style>\t\t\t\t\t\t\t\t\t<figure class=\"wp-caption\">\n\t\t\t\t\t\t\t\t\t\t<img loading=\"lazy\" decoding=\"async\" width=\"409\" height=\"307\" src=\"https:\/\/havensverden.dk\/wp-content\/uploads\/2022\/02\/Chili-2.jpg\" class=\"attachment-large size-large\" alt=\"\" srcset=\"https:\/\/havensverden.dk\/wp-content\/uploads\/2022\/02\/Chili-2.jpg 409w, https:\/\/havensverden.dk\/wp-content\/uploads\/2022\/02\/Chili-2-300x225.jpg 300w\" sizes=\"auto, (max-width: 409px) 100vw, 409px\" \/>\t\t\t\t\t\t\t\t\t\t\t<figcaption class=\"widget-image-caption wp-caption-text\">Efter ca. 14 dage spirer chiliplanterne op af jorden<\/figcaption>\n\t\t\t\t\t\t\t\t\t\t<\/figure>\n\t\t\t\t\t\t\t\t\t<\/div>\n\t\t\t\t<\/div>\n\t\t\t\t<div class=\"elementor-element elementor-element-3252787 elementor-widget elementor-widget-text-editor\" data-id=\"3252787\" data-element_type=\"widget\" data-widget_type=\"text-editor.default\">\n\t\t\t\t<div class=\"elementor-widget-container\">\n\t\t\t\t\t\t\t<p>Husk at reng\u00f8re dine potter inden du s\u00e5r nye fr\u00f8 i dem. Kimplanter er sm\u00e5 og sarte, og potter og bakker kan rumme mange skadelige svampesporer, som kan angribe fr\u00f8, planter og stiklinger, n\u00e5r de st\u00e5r i deres lune, fugtige og beskyttede milj\u00f8. Den tid, man bruger p\u00e5 at vaske potterne er hurtigt tjent ind i kraft af h\u00f8j spireprocent og sunde planter.\u00a0<\/p><p>Jeg sv\u00e6rger til minimering af brug af kemikalier, s\u00e5 jeg reng\u00f8r mine potter med varmt vand og en svamp, og til sidst overh\u00e6lder jeg plasticpotterne med kogende vand.<\/p>\t\t\t\t\t\t<\/div>\n\t\t\t\t<\/div>\n\t\t\t\t\t<\/div>\n\t\t<\/div>\n\t\t\t\t\t\t\t<\/div>\n\t\t<\/section>\n\t\t\t\t<section class=\"elementor-section elementor-top-section elementor-element elementor-element-e11d061 elementor-section-boxed elementor-section-height-default elementor-section-height-default\" data-id=\"e11d061\" data-element_type=\"section\">\n\t\t\t\t\t\t<div class=\"elementor-container elementor-column-gap-default\">\n\t\t\t\t\t<div class=\"elementor-column elementor-col-50 elementor-top-column elementor-element elementor-element-82839aa\" data-id=\"82839aa\" data-element_type=\"column\">\n\t\t\t<div class=\"elementor-widget-wrap elementor-element-populated\">\n\t\t\t\t\t\t\t\t<div class=\"elementor-element elementor-element-325ee37 elementor-widget elementor-widget-text-editor\" data-id=\"325ee37\" data-element_type=\"widget\" data-widget_type=\"text-editor.default\">\n\t\t\t\t<div class=\"elementor-widget-container\">\n\t\t\t\t\t\t\t<p>I februar kan man begynde at s\u00e6tte l\u00e6ggekartoflerne til drivning. Man kan f\u00e5 et forspring p\u00e5 4-5 uger ved at forspire kartoflerne, i forhold til de kartofler, der f\u00f8rst skal danne spirer, n\u00e5r de l\u00e6gges i k\u00f8kkenhaven.<\/p><p>V\u00e6lg en tidlig sort som f.eks. Hamlet, Solist, Frieslander eller Swift. De er alle velsmagende og med et godt udbytte.<\/p><p>L\u00e6g kartoflerne i en flad kasse, stil kassen lyst og k\u00f8ligt dvs. 12-15 grader. Det er vigtigt, at kartoflerne kun l\u00e6gges i \u00e9t lag, s\u00e5 alle kartoflerne f\u00e5r lys, og s\u00e5ledes at der er plads til, at spirerne kan udvikle sig. Spirerne skal helst blive tykke og korte, og det kr\u00e6ver rigeligt lys. Jeg plejer ogs\u00e5 at l\u00e6gge et lag jord p\u00e5 1-2 cm i bunden. P\u00e5 den m\u00e5de fremmer man ogs\u00e5 udviklingen af r\u00f8dder, og det giver kartoflerne et endnu bedre forspring, n\u00e5r de plantes ud.<\/p><p>I marts, n\u00e5r spirerne er ca. 1 cm lange, er kartoflerne klar til at komme i jorden. L\u00e6g f\u00f8rst kartoflerne ud, n\u00e5r for\u00e5rssolen har f\u00e5et en smule magt og begynder at varme jorden forsigtigt op. Kartoflerne l\u00e6gges i en dybde p\u00e5 10-15 cm.<\/p><p>Jeg plejer at d\u00e6kke kartoflerne med lyst plastic, s\u00e5ledes at de beskyttes mod frost, der stadig kan komme i det tidlige for\u00e5r. Nogle af de forspirede kartofler, l\u00e6gger jeg altid i kartoffelspande, som jeg s\u00e6tter i drivhuset. Det giver ekstra tidlige kartofler.<\/p>\t\t\t\t\t\t<\/div>\n\t\t\t\t<\/div>\n\t\t\t\t<div class=\"elementor-element elementor-element-800c49f elementor-widget elementor-widget-text-editor\" data-id=\"800c49f\" data-element_type=\"widget\" data-widget_type=\"text-editor.default\">\n\t\t\t\t<div class=\"elementor-widget-container\">\n\t\t\t\t\t\t\t\t\t\t\t\t\t<\/div>\n\t\t\t\t<\/div>\n\t\t\t\t\t<\/div>\n\t\t<\/div>\n\t\t\t\t<div class=\"elementor-column elementor-col-50 elementor-top-column elementor-element elementor-element-77b4542\" data-id=\"77b4542\" data-element_type=\"column\">\n\t\t\t<div class=\"elementor-widget-wrap elementor-element-populated\">\n\t\t\t\t\t\t\t\t<div class=\"elementor-element elementor-element-dd3b5f6 elementor-widget elementor-widget-image\" data-id=\"dd3b5f6\" data-element_type=\"widget\" data-widget_type=\"image.default\">\n\t\t\t\t<div class=\"elementor-widget-container\">\n\t\t\t\t\t\t\t\t\t\t\t\t\t\t\t<img loading=\"lazy\" decoding=\"async\" width=\"242\" height=\"323\" src=\"https:\/\/havensverden.dk\/wp-content\/uploads\/2022\/02\/Kartofler-1.jpg\" class=\"attachment-large size-large\" alt=\"\" srcset=\"https:\/\/havensverden.dk\/wp-content\/uploads\/2022\/02\/Kartofler-1.jpg 242w, https:\/\/havensverden.dk\/wp-content\/uploads\/2022\/02\/Kartofler-1-225x300.jpg 225w\" sizes=\"auto, (max-width: 242px) 100vw, 242px\" \/>\t\t\t\t\t\t\t\t\t\t\t\t\t\t\t<\/div>\n\t\t\t\t<\/div>\n\t\t\t\t<div class=\"elementor-element elementor-element-38f95bf elementor-widget elementor-widget-image\" data-id=\"38f95bf\" data-element_type=\"widget\" data-widget_type=\"image.default\">\n\t\t\t\t<div class=\"elementor-widget-container\">\n\t\t\t\t\t\t\t\t\t\t\t\t<figure class=\"wp-caption\">\n\t\t\t\t\t\t\t\t\t\t<img loading=\"lazy\" decoding=\"async\" width=\"300\" height=\"225\" src=\"https:\/\/havensverden.dk\/wp-content\/uploads\/2022\/02\/P2192364-300x225.jpg\" class=\"attachment-medium size-medium\" alt=\"\" srcset=\"https:\/\/havensverden.dk\/wp-content\/uploads\/2022\/02\/P2192364-300x225.jpg 300w, https:\/\/havensverden.dk\/wp-content\/uploads\/2022\/02\/P2192364-1024x768.jpg 1024w, https:\/\/havensverden.dk\/wp-content\/uploads\/2022\/02\/P2192364-768x576.jpg 768w, https:\/\/havensverden.dk\/wp-content\/uploads\/2022\/02\/P2192364-1536x1152.jpg 1536w, https:\/\/havensverden.dk\/wp-content\/uploads\/2022\/02\/P2192364-2048x1536.jpg 2048w, https:\/\/havensverden.dk\/wp-content\/uploads\/2022\/02\/P2192364-500x375.jpg 500w\" sizes=\"auto, (max-width: 300px) 100vw, 300px\" \/>\t\t\t\t\t\t\t\t\t\t\t<figcaption class=\"widget-image-caption wp-caption-text\">L\u00e6ggekartofler placeres i lidt jord for at fremme roddannelse<\/figcaption>\n\t\t\t\t\t\t\t\t\t\t<\/figure>\n\t\t\t\t\t\t\t\t\t<\/div>\n\t\t\t\t<\/div>\n\t\t\t\t\t<\/div>\n\t\t<\/div>\n\t\t\t\t\t\t\t<\/div>\n\t\t<\/section>\n\t\t\t\t\t\t<\/div>\n\t\t\t\t\t<\/div>\n\t\t","protected":false},"excerpt":{"rendered":"<p>Februar Der er mange sm\u00e5projekter i haven i februar. Jeg begynder at forspire de planter, der har lang v\u00e6kstperiode.&nbsp; Chili og tomat er nogle af de f\u00f8rste afgr\u00f8der, der s\u00e5s sammen med peberfrugter og artiskokker. Fr\u00f8ene er forholdsvis langsomme om at komme i gang, og de kr\u00e6ver varme for at spire. Inden fr\u00f8ene s\u00e5s, fugtes [&hellip;]<\/p>\n","protected":false},"author":1,"featured_media":0,"parent":0,"menu_order":0,"comment_status":"closed","ping_status":"closed","template":"","meta":{"om_disable_all_campaigns":false,"_monsterinsights_skip_tracking":false,"_monsterinsights_sitenote_active":false,"_monsterinsights_sitenote_note":"","_monsterinsights_sitenote_category":0,"footnotes":""},"class_list":["post-1229","page","type-page","status-publish","hentry","entry"],"_links":{"self":[{"href":"https:\/\/havensverden.dk\/index.php?rest_route=\/wp\/v2\/pages\/1229","targetHints":{"allow":["GET"]}}],"collection":[{"href":"https:\/\/havensverden.dk\/index.php?rest_route=\/wp\/v2\/pages"}],"about":[{"href":"https:\/\/havensverden.dk\/index.php?rest_route=\/wp\/v2\/types\/page"}],"author":[{"embeddable":true,"href":"https:\/\/havensverden.dk\/index.php?rest_route=\/wp\/v2\/users\/1"}],"replies":[{"embeddable":true,"href":"https:\/\/havensverden.dk\/index.php?rest_route=%2Fwp%2Fv2%2Fcomments&post=1229"}],"version-history":[{"count":37,"href":"https:\/\/havensverden.dk\/index.php?rest_route=\/wp\/v2\/pages\/1229\/revisions"}],"predecessor-version":[{"id":1625,"href":"https:\/\/havensverden.dk\/index.php?rest_route=\/wp\/v2\/pages\/1229\/revisions\/1625"}],"wp:attachment":[{"href":"https:\/\/havensverden.dk\/index.php?rest_route=%2Fwp%2Fv2%2Fmedia&parent=1229"}],"curies":[{"name":"wp","href":"https:\/\/api.w.org\/{rel}","templated":true}]}}